{"id":1415,"date":"2024-02-29T17:52:28","date_gmt":"2024-02-29T17:52:28","guid":{"rendered":"https:\/\/kobraentertainment.com\/?page_id=1415"},"modified":"2025-02-03T09:02:46","modified_gmt":"2025-02-03T09:02:46","slug":"book","status":"publish","type":"page","link":"https:\/\/kobraentertainment.com\/fi\/book\/","title":{"rendered":"Book"},"content":{"rendered":"<div data-elementor-type=\"wp-page\" data-elementor-id=\"1415\" class=\"elementor elementor-1415\">\n\t\t\t\t\t\t<div class=\"elementor-inner\">\n\t\t\t\t<div class=\"elementor-section-wrap\">\n\t\t\t\t\t\t\t\t\t<section class=\"elementor-section elementor-top-section elementor-element elementor-element-294626b elementor-section-boxed elementor-section-height-default elementor-section-height-default\" data-id=\"294626b\" data-element_type=\"section\">\n\t\t\t\t\t\t<div class=\"elementor-container elementor-column-gap-default\">\n\t\t\t\t\t\t\t<div class=\"elementor-row\">\n\t\t\t\t\t<div class=\"elementor-column elementor-col-100 elementor-top-column elementor-element elementor-element-5904918\" data-id=\"5904918\" data-element_type=\"column\">\n\t\t\t<div class=\"elementor-column-wrap elementor-element-populated\">\n\t\t\t\t\t\t\t<div class=\"elementor-widget-wrap\">\n\t\t\t\t\t\t<div class=\"elementor-element elementor-element-4e4ef48 elementor-widget elementor-widget-heading\" data-id=\"4e4ef48\" data-element_type=\"widget\" data-widget_type=\"heading.default\">\n\t\t\t\t<div class=\"elementor-widget-container\">\n\t\t\t<h2 class=\"elementor-heading-title elementor-size-default\">Miten varaan?<\/h2>\t\t<\/div>\n\t\t\t\t<\/div>\n\t\t\t\t<div class=\"elementor-element elementor-element-ba7ba8b elementor-align-center elementor-mobile-align-center elementor-widget elementor-widget-button\" data-id=\"ba7ba8b\" data-element_type=\"widget\" data-settings=\"{&quot;_animation_mobile&quot;:&quot;fadeIn&quot;}\" data-widget_type=\"button.default\">\n\t\t\t\t<div class=\"elementor-widget-container\">\n\t\t\t\t\t<div class=\"elementor-button-wrapper\">\n\t\t\t<a class=\"elementor-button elementor-button-link elementor-size-sm\" href=\"http:\/\/kobra.skedda.com\" target=\"_blank\">\n\t\t\t\t\t\t<span class=\"elementor-button-content-wrapper\">\n\t\t\t\t\t\t<span class=\"elementor-button-text\">Varaa nyt<\/span>\n\t\t<\/span>\n\t\t\t\t\t<\/a>\n\t\t<\/div>\n\t\t\t\t<\/div>\n\t\t\t\t<\/div>\n\t\t\t\t\t\t<\/div>\n\t\t\t\t\t<\/div>\n\t\t<\/div>\n\t\t\t\t\t\t\t\t<\/div>\n\t\t\t\t\t<\/div>\n\t\t<\/section>\n\t\t\t\t<section class=\"elementor-section elementor-top-section elementor-element elementor-element-e078de2 elementor-section-boxed elementor-section-height-default elementor-section-height-default\" data-id=\"e078de2\" data-element_type=\"section\" data-settings=\"{&quot;background_background&quot;:&quot;classic&quot;}\">\n\t\t\t\t\t\t<div class=\"elementor-container elementor-column-gap-default\">\n\t\t\t\t\t\t\t<div class=\"elementor-row\">\n\t\t\t\t\t<div class=\"elementor-column elementor-col-100 elementor-top-column elementor-element elementor-element-ecfabbb\" data-id=\"ecfabbb\" data-element_type=\"column\">\n\t\t\t<div class=\"elementor-column-wrap elementor-element-populated\">\n\t\t\t\t\t\t\t<div class=\"elementor-widget-wrap\">\n\t\t\t\t\t\t<div class=\"elementor-element elementor-element-23312f0 elementor-widget elementor-widget-text-editor\" data-id=\"23312f0\" data-element_type=\"widget\" data-widget_type=\"text-editor.default\">\n\t\t\t\t<div class=\"elementor-widget-container\">\n\t\t\t\t\t\t\t\t<div class=\"elementor-text-editor elementor-clearfix\">\n\t\t\t\t<p><strong>Vaihe 1. Avaa varauskalenteri<\/strong><\/p><p>Avaa varauskalenterimme \"Varaa nyt\" napista (aukeaa toiseen v\u00e4lilehteen).<\/p>\t\t\t\t\t<\/div>\n\t\t\t\t\t\t<\/div>\n\t\t\t\t<\/div>\n\t\t\t\t<div class=\"elementor-element elementor-element-389e62a elementor-widget elementor-widget-image\" data-id=\"389e62a\" data-element_type=\"widget\" data-widget_type=\"image.default\">\n\t\t\t\t<div class=\"elementor-widget-container\">\n\t\t\t\t\t\t\t\t<div class=\"elementor-image\">\n\t\t\t\t\t\t\t\t\t\t\t\t<img loading=\"lazy\" decoding=\"async\" width=\"175\" height=\"300\" src=\"https:\/\/kobraentertainment.com\/wp-content\/uploads\/2024\/02\/IMG_9019C164BCBA-1-175x300.jpeg\" class=\"attachment-medium size-medium wp-image-1492\" alt=\"\" srcset=\"https:\/\/kobraentertainment.com\/wp-content\/uploads\/2024\/02\/IMG_9019C164BCBA-1-175x300.jpeg 175w, https:\/\/kobraentertainment.com\/wp-content\/uploads\/2024\/02\/IMG_9019C164BCBA-1-597x1024.jpeg 597w, https:\/\/kobraentertainment.com\/wp-content\/uploads\/2024\/02\/IMG_9019C164BCBA-1-768x1317.jpeg 768w, https:\/\/kobraentertainment.com\/wp-content\/uploads\/2024\/02\/IMG_9019C164BCBA-1-895x1536.jpeg 895w, https:\/\/kobraentertainment.com\/wp-content\/uploads\/2024\/02\/IMG_9019C164BCBA-1-7x12.jpeg 7w, https:\/\/kobraentertainment.com\/wp-content\/uploads\/2024\/02\/IMG_9019C164BCBA-1.jpeg 1170w\" sizes=\"(max-width: 175px) 100vw, 175px\" \/>\t\t\t\t\t\t\t\t\t\t\t\t\t\t<\/div>\n\t\t\t\t\t\t<\/div>\n\t\t\t\t<\/div>\n\t\t\t\t<div class=\"elementor-element elementor-element-5708ae9 elementor-widget elementor-widget-text-editor\" data-id=\"5708ae9\" data-element_type=\"widget\" data-widget_type=\"text-editor.default\">\n\t\t\t\t<div class=\"elementor-widget-container\">\n\t\t\t\t\t\t\t\t<div class=\"elementor-text-editor elementor-clearfix\">\n\t\t\t\t<p><strong>Vaihe 2. Vahvista varaus<\/strong><\/p><p>Sy\u00f6t\u00e4 s\u00e4hk\u00f6postiosoitteesi, valitse varausaika ja vahvista varauksesi (varaukset tulee tehd\u00e4 3 tuntia ennen varauksen alkamista).<\/p>\t\t\t\t\t<\/div>\n\t\t\t\t\t\t<\/div>\n\t\t\t\t<\/div>\n\t\t\t\t<div class=\"elementor-element elementor-element-4f4db44 elementor-widget elementor-widget-image\" data-id=\"4f4db44\" data-element_type=\"widget\" data-widget_type=\"image.default\">\n\t\t\t\t<div class=\"elementor-widget-container\">\n\t\t\t\t\t\t\t\t<div class=\"elementor-image\">\n\t\t\t\t\t\t\t\t\t\t\t\t<img loading=\"lazy\" decoding=\"async\" width=\"175\" height=\"300\" src=\"https:\/\/kobraentertainment.com\/wp-content\/uploads\/2024\/02\/Screenshot-2024-02-29-at-20.53.14-175x300.png\" class=\"attachment-medium size-medium wp-image-1493\" alt=\"\" srcset=\"https:\/\/kobraentertainment.com\/wp-content\/uploads\/2024\/02\/Screenshot-2024-02-29-at-20.53.14-175x300.png 175w, https:\/\/kobraentertainment.com\/wp-content\/uploads\/2024\/02\/Screenshot-2024-02-29-at-20.53.14-597x1024.png 597w, https:\/\/kobraentertainment.com\/wp-content\/uploads\/2024\/02\/Screenshot-2024-02-29-at-20.53.14-768x1317.png 768w, https:\/\/kobraentertainment.com\/wp-content\/uploads\/2024\/02\/Screenshot-2024-02-29-at-20.53.14-895x1536.png 895w, https:\/\/kobraentertainment.com\/wp-content\/uploads\/2024\/02\/Screenshot-2024-02-29-at-20.53.14-7x12.png 7w, https:\/\/kobraentertainment.com\/wp-content\/uploads\/2024\/02\/Screenshot-2024-02-29-at-20.53.14.png 1170w\" sizes=\"(max-width: 175px) 100vw, 175px\" \/>\t\t\t\t\t\t\t\t\t\t\t\t\t\t<\/div>\n\t\t\t\t\t\t<\/div>\n\t\t\t\t<\/div>\n\t\t\t\t<div class=\"elementor-element elementor-element-be67fb4 elementor-widget elementor-widget-text-editor\" data-id=\"be67fb4\" data-element_type=\"widget\" data-widget_type=\"text-editor.default\">\n\t\t\t\t<div class=\"elementor-widget-container\">\n\t\t\t\t\t\t\t\t<div class=\"elementor-text-editor elementor-clearfix\">\n\t\t\t\t<p><strong>Vaihe 3. Lataa mobiiliavain<\/strong><\/p>\n<p>L\u00e4het\u00e4mme sinulle ohjeet mobiiliavaimen latausta varten viimeist\u00e4\u00e4n 30 minuuttia ennen varauksesi alkamista. Mobiiliavaimen tarjoaa Securitas.<\/p>\t\t\t\t\t<\/div>\n\t\t\t\t\t\t<\/div>\n\t\t\t\t<\/div>\n\t\t\t\t<div class=\"elementor-element elementor-element-744a470 elementor-widget__width-inherit elementor-widget elementor-widget-text-editor\" data-id=\"744a470\" data-element_type=\"widget\" data-widget_type=\"text-editor.default\">\n\t\t\t\t<div class=\"elementor-widget-container\">\n\t\t\t\t\t\t\t\t<div class=\"elementor-text-editor elementor-clearfix\">\n\t\t\t\t<p><strong>Vaihe 4. Lue ohjeet ja s\u00e4\u00e4nn\u00f6t huolellisesti<\/strong><\/p><p>L\u00f6yd\u00e4t tarkemmat ohjeet studiolle saapumista varten vahvistuss\u00e4hk\u00f6postin alaosasta.<\/p>\t\t\t\t\t<\/div>\n\t\t\t\t\t\t<\/div>\n\t\t\t\t<\/div>\n\t\t\t\t<div class=\"elementor-element elementor-element-3f775fe elementor-widget elementor-widget-image\" data-id=\"3f775fe\" data-element_type=\"widget\" data-widget_type=\"image.default\">\n\t\t\t\t<div class=\"elementor-widget-container\">\n\t\t\t\t\t\t\t\t<div class=\"elementor-image\">\n\t\t\t\t\t\t\t\t\t\t\t\t<img loading=\"lazy\" decoding=\"async\" width=\"235\" height=\"300\" src=\"https:\/\/kobraentertainment.com\/wp-content\/uploads\/2024\/02\/Screenshot-2024-02-29-at-19.44.44-235x300.png\" class=\"attachment-medium size-medium wp-image-1402\" alt=\"\" srcset=\"https:\/\/kobraentertainment.com\/wp-content\/uploads\/2024\/02\/Screenshot-2024-02-29-at-19.44.44-235x300.png 235w, https:\/\/kobraentertainment.com\/wp-content\/uploads\/2024\/02\/Screenshot-2024-02-29-at-19.44.44-803x1024.png 803w, https:\/\/kobraentertainment.com\/wp-content\/uploads\/2024\/02\/Screenshot-2024-02-29-at-19.44.44-768x980.png 768w, https:\/\/kobraentertainment.com\/wp-content\/uploads\/2024\/02\/Screenshot-2024-02-29-at-19.44.44-9x12.png 9w, https:\/\/kobraentertainment.com\/wp-content\/uploads\/2024\/02\/Screenshot-2024-02-29-at-19.44.44.png 958w\" sizes=\"(max-width: 235px) 100vw, 235px\" \/>\t\t\t\t\t\t\t\t\t\t\t\t\t\t<\/div>\n\t\t\t\t\t\t<\/div>\n\t\t\t\t<\/div>\n\t\t\t\t<div class=\"elementor-element elementor-element-dd4d3c0 elementor-widget elementor-widget-heading\" data-id=\"dd4d3c0\" data-element_type=\"widget\" data-widget_type=\"heading.default\">\n\t\t\t\t<div class=\"elementor-widget-container\">\n\t\t\t<h2 class=\"elementor-heading-title elementor-size-default\">Varaa studioaika<\/h2>\t\t<\/div>\n\t\t\t\t<\/div>\n\t\t\t\t<div class=\"elementor-element elementor-element-a3df8ef elementor-align-center elementor-mobile-align-center elementor-widget elementor-widget-button\" data-id=\"a3df8ef\" data-element_type=\"widget\" data-settings=\"{&quot;_animation_mobile&quot;:&quot;fadeIn&quot;}\" data-widget_type=\"button.default\">\n\t\t\t\t<div class=\"elementor-widget-container\">\n\t\t\t\t\t<div class=\"elementor-button-wrapper\">\n\t\t\t<a class=\"elementor-button elementor-button-link elementor-size-sm\" href=\"http:\/\/kobra.skedda.com\" target=\"_blank\">\n\t\t\t\t\t\t<span class=\"elementor-button-content-wrapper\">\n\t\t\t\t\t\t<span class=\"elementor-button-text\">Varaa nyt<\/span>\n\t\t<\/span>\n\t\t\t\t\t<\/a>\n\t\t<\/div>\n\t\t\t\t<\/div>\n\t\t\t\t<\/div>\n\t\t\t\t<div class=\"elementor-element elementor-element-26e2bcd elementor-widget__width-inherit elementor-widget elementor-widget-text-editor\" data-id=\"26e2bcd\" data-element_type=\"widget\" data-widget_type=\"text-editor.default\">\n\t\t\t\t<div class=\"elementor-widget-container\">\n\t\t\t\t\t\t\t\t<div class=\"elementor-text-editor elementor-clearfix\">\n\t\t\t\t<p>Jos sinulla on varaamiseen tai studioihin liittyvi\u00e4 kysymyksi\u00e4 tai huolia, tavoitat meid\u00e4t osoitteesta info@kobraentertainment.com<\/p>\t\t\t\t\t<\/div>\n\t\t\t\t\t\t<\/div>\n\t\t\t\t<\/div>\n\t\t\t\t\t\t<\/div>\n\t\t\t\t\t<\/div>\n\t\t<\/div>\n\t\t\t\t\t\t\t\t<\/div>\n\t\t\t\t\t<\/div>\n\t\t<\/section>\n\t\t\t\t\t\t\t\t\t<\/div>\n\t\t\t<\/div>\n\t\t\t\t\t<\/div>","protected":false},"excerpt":{"rendered":"<p>How to Book Book Now Step 1. Open the Booking Calendar Open our booking calendar from the &#8220;Book Now&#8221; button (opens in a new tab). Step 2. Confirm Your Booking Enter your email address, choose your time from the calendar and click &#8220;Confirm booking&#8221; (bookings must be made 3 hours in advance). Step 3. Download [&hellip;]<\/p>","protected":false},"author":1,"featured_media":0,"parent":0,"menu_order":0,"comment_status":"closed","ping_status":"closed","template":"elementor_header_footer","meta":{"om_disable_all_campaigns":false,"_monsterinsights_skip_tracking":false,"_monsterinsights_sitenote_active":false,"_monsterinsights_sitenote_note":"","_monsterinsights_sitenote_category":0,"_uf_show_specific_survey":0,"_uf_disable_surveys":false,"footnotes":""},"yoast_head":"<!-- This site is optimized with the Yoast SEO plugin v20.10 - https:\/\/yoast.com\/wordpress\/plugins\/seo\/ -->\n<title>Book - Kobra Entertainment<\/title>\n<meta name=\"description\" content=\"Book a music studio in Helsinki easily online. Book by the hour or subscribe monthly. Let us know if you need a producer!\" \/>\n<meta name=\"robots\" content=\"index, follow, max-snippet:-1, max-image-preview:large, max-video-preview:-1\" \/>\n<link rel=\"canonical\" href=\"https:\/\/kobraentertainment.com\/fi\/book\/\" \/>\n<meta property=\"og:locale\" content=\"fi_FI\" \/>\n<meta property=\"og:type\" content=\"article\" \/>\n<meta property=\"og:title\" content=\"Book - Kobra Entertainment\" \/>\n<meta property=\"og:description\" content=\"Book a music studio in Helsinki easily online. Book by the hour or subscribe monthly. Let us know if you need a producer!\" \/>\n<meta property=\"og:url\" content=\"https:\/\/kobraentertainment.com\/fi\/book\/\" \/>\n<meta property=\"og:site_name\" content=\"Kobra Entertainment\" \/>\n<meta property=\"article:publisher\" content=\"https:\/\/www.facebook.com\/kobraentertainment\" \/>\n<meta property=\"article:modified_time\" content=\"2025-02-03T09:02:46+00:00\" \/>\n<meta property=\"og:image\" content=\"https:\/\/kobraentertainment.com\/wp-content\/uploads\/2024\/02\/IMG_9019C164BCBA-1-175x300.jpeg\" \/>\n<meta name=\"twitter:card\" content=\"summary_large_image\" \/>\n<meta name=\"twitter:label1\" content=\"Arvioitu lukuaika\" \/>\n\t<meta name=\"twitter:data1\" content=\"2 minuuttia\" \/>\n<script type=\"application\/ld+json\" class=\"yoast-schema-graph\">{\"@context\":\"https:\/\/schema.org\",\"@graph\":[{\"@type\":\"WebPage\",\"@id\":\"https:\/\/kobraentertainment.com\/book\/\",\"url\":\"https:\/\/kobraentertainment.com\/book\/\",\"name\":\"Book - Kobra Entertainment\",\"isPartOf\":{\"@id\":\"https:\/\/kobraentertainment.com\/#website\"},\"datePublished\":\"2024-02-29T17:52:28+00:00\",\"dateModified\":\"2025-02-03T09:02:46+00:00\",\"description\":\"Book a music studio in Helsinki easily online. Book by the hour or subscribe monthly. Let us know if you need a producer!\",\"breadcrumb\":{\"@id\":\"https:\/\/kobraentertainment.com\/book\/#breadcrumb\"},\"inLanguage\":\"fi\",\"potentialAction\":[{\"@type\":\"ReadAction\",\"target\":[\"https:\/\/kobraentertainment.com\/book\/\"]}]},{\"@type\":\"BreadcrumbList\",\"@id\":\"https:\/\/kobraentertainment.com\/book\/#breadcrumb\",\"itemListElement\":[{\"@type\":\"ListItem\",\"position\":1,\"name\":\"Home\",\"item\":\"https:\/\/kobraentertainment.com\/\"},{\"@type\":\"ListItem\",\"position\":2,\"name\":\"Book\"}]},{\"@type\":\"WebSite\",\"@id\":\"https:\/\/kobraentertainment.com\/#website\",\"url\":\"https:\/\/kobraentertainment.com\/\",\"name\":\"Kobra Entertainment\",\"description\":\"Kobra Entertainment is a music marketing and management company.\",\"publisher\":{\"@id\":\"https:\/\/kobraentertainment.com\/#organization\"},\"potentialAction\":[{\"@type\":\"SearchAction\",\"target\":{\"@type\":\"EntryPoint\",\"urlTemplate\":\"https:\/\/kobraentertainment.com\/?s={search_term_string}\"},\"query-input\":\"required name=search_term_string\"}],\"inLanguage\":\"fi\"},{\"@type\":\"Organization\",\"@id\":\"https:\/\/kobraentertainment.com\/#organization\",\"name\":\"Kobra Entertainment\",\"url\":\"https:\/\/kobraentertainment.com\/\",\"logo\":{\"@type\":\"ImageObject\",\"inLanguage\":\"fi\",\"@id\":\"https:\/\/kobraentertainment.com\/#\/schema\/logo\/image\/\",\"url\":\"http:\/\/kobraentertainment.com\/wp-content\/uploads\/2021\/01\/cropped-kobra.pyorea.valkoinen.2.png\",\"contentUrl\":\"http:\/\/kobraentertainment.com\/wp-content\/uploads\/2021\/01\/cropped-kobra.pyorea.valkoinen.2.png\",\"width\":1753,\"height\":1240,\"caption\":\"Kobra Entertainment\"},\"image\":{\"@id\":\"https:\/\/kobraentertainment.com\/#\/schema\/logo\/image\/\"},\"sameAs\":[\"https:\/\/www.facebook.com\/kobraentertainment\",\"https:\/\/www.linkedin.com\/company\/15860212\",\"https:\/\/www.instagram.com\/kobraentertainment\"]}]}<\/script>\n<!-- \/ Yoast SEO plugin. -->","yoast_head_json":{"title":"Book - Kobra Entertainment","description":"Book a music studio in Helsinki easily online. Book by the hour or subscribe monthly. Let us know if you need a producer!","robots":{"index":"index","follow":"follow","max-snippet":"max-snippet:-1","max-image-preview":"max-image-preview:large","max-video-preview":"max-video-preview:-1"},"canonical":"https:\/\/kobraentertainment.com\/fi\/book\/","og_locale":"fi_FI","og_type":"article","og_title":"Book - Kobra Entertainment","og_description":"Book a music studio in Helsinki easily online. Book by the hour or subscribe monthly. Let us know if you need a producer!","og_url":"https:\/\/kobraentertainment.com\/fi\/book\/","og_site_name":"Kobra Entertainment","article_publisher":"https:\/\/www.facebook.com\/kobraentertainment","article_modified_time":"2025-02-03T09:02:46+00:00","og_image":[{"url":"https:\/\/kobraentertainment.com\/wp-content\/uploads\/2024\/02\/IMG_9019C164BCBA-1-175x300.jpeg"}],"twitter_card":"summary_large_image","twitter_misc":{"Arvioitu lukuaika":"2 minuuttia"},"schema":{"@context":"https:\/\/schema.org","@graph":[{"@type":"WebPage","@id":"https:\/\/kobraentertainment.com\/book\/","url":"https:\/\/kobraentertainment.com\/book\/","name":"Book - Kobra Entertainment","isPartOf":{"@id":"https:\/\/kobraentertainment.com\/#website"},"datePublished":"2024-02-29T17:52:28+00:00","dateModified":"2025-02-03T09:02:46+00:00","description":"Book a music studio in Helsinki easily online. Book by the hour or subscribe monthly. Let us know if you need a producer!","breadcrumb":{"@id":"https:\/\/kobraentertainment.com\/book\/#breadcrumb"},"inLanguage":"fi","potentialAction":[{"@type":"ReadAction","target":["https:\/\/kobraentertainment.com\/book\/"]}]},{"@type":"BreadcrumbList","@id":"https:\/\/kobraentertainment.com\/book\/#breadcrumb","itemListElement":[{"@type":"ListItem","position":1,"name":"Home","item":"https:\/\/kobraentertainment.com\/"},{"@type":"ListItem","position":2,"name":"Book"}]},{"@type":"WebSite","@id":"https:\/\/kobraentertainment.com\/#website","url":"https:\/\/kobraentertainment.com\/","name":"Kobra Entertainment","description":"Kobra Entertainment is a music marketing and management company.","publisher":{"@id":"https:\/\/kobraentertainment.com\/#organization"},"potentialAction":[{"@type":"SearchAction","target":{"@type":"EntryPoint","urlTemplate":"https:\/\/kobraentertainment.com\/?s={search_term_string}"},"query-input":"required name=search_term_string"}],"inLanguage":"fi"},{"@type":"Organization","@id":"https:\/\/kobraentertainment.com\/#organization","name":"Kobra Entertainment","url":"https:\/\/kobraentertainment.com\/","logo":{"@type":"ImageObject","inLanguage":"fi","@id":"https:\/\/kobraentertainment.com\/#\/schema\/logo\/image\/","url":"http:\/\/kobraentertainment.com\/wp-content\/uploads\/2021\/01\/cropped-kobra.pyorea.valkoinen.2.png","contentUrl":"http:\/\/kobraentertainment.com\/wp-content\/uploads\/2021\/01\/cropped-kobra.pyorea.valkoinen.2.png","width":1753,"height":1240,"caption":"Kobra Entertainment"},"image":{"@id":"https:\/\/kobraentertainment.com\/#\/schema\/logo\/image\/"},"sameAs":["https:\/\/www.facebook.com\/kobraentertainment","https:\/\/www.linkedin.com\/company\/15860212","https:\/\/www.instagram.com\/kobraentertainment"]}]}},"_links":{"self":[{"href":"https:\/\/kobraentertainment.com\/fi\/wp-json\/wp\/v2\/pages\/1415"}],"collection":[{"href":"https:\/\/kobraentertainment.com\/fi\/wp-json\/wp\/v2\/pages"}],"about":[{"href":"https:\/\/kobraentertainment.com\/fi\/wp-json\/wp\/v2\/types\/page"}],"author":[{"embeddable":true,"href":"https:\/\/kobraentertainment.com\/fi\/wp-json\/wp\/v2\/users\/1"}],"replies":[{"embeddable":true,"href":"https:\/\/kobraentertainment.com\/fi\/wp-json\/wp\/v2\/comments?post=1415"}],"version-history":[{"count":73,"href":"https:\/\/kobraentertainment.com\/fi\/wp-json\/wp\/v2\/pages\/1415\/revisions"}],"predecessor-version":[{"id":2670,"href":"https:\/\/kobraentertainment.com\/fi\/wp-json\/wp\/v2\/pages\/1415\/revisions\/2670"}],"wp:attachment":[{"href":"https:\/\/kobraentertainment.com\/fi\/wp-json\/wp\/v2\/media?parent=1415"}],"curies":[{"name":"wp","href":"https:\/\/api.w.org\/{rel}","templated":true}]}}