{"id":1018,"date":"2023-09-26T13:43:11","date_gmt":"2023-09-26T13:43:11","guid":{"rendered":"http:\/\/kobraentertainment.com\/?page_id=1018"},"modified":"2026-01-29T14:37:03","modified_gmt":"2026-01-29T14:37:03","slug":"about-us","status":"publish","type":"page","link":"https:\/\/kobraentertainment.com\/fi\/about-us\/","title":{"rendered":"Meist\u00e4"},"content":{"rendered":"<div data-elementor-type=\"wp-page\" data-elementor-id=\"1018\" class=\"elementor elementor-1018\">\n\t\t\t\t\t\t<div class=\"elementor-inner\">\n\t\t\t\t<div class=\"elementor-section-wrap\">\n\t\t\t\t\t\t\t\t\t<section class=\"elementor-section elementor-top-section elementor-element elementor-element-40c53e5a elementor-section-content-middle elementor-section-boxed elementor-section-height-default elementor-section-height-default\" data-id=\"40c53e5a\" data-element_type=\"section\" data-settings=\"{&quot;background_background&quot;:&quot;classic&quot;}\">\n\t\t\t\t\t\t<div class=\"elementor-container elementor-column-gap-no\">\n\t\t\t\t\t\t\t<div class=\"elementor-row\">\n\t\t\t\t\t<div class=\"elementor-column elementor-col-100 elementor-top-column elementor-element elementor-element-73704e0c\" data-id=\"73704e0c\" data-element_type=\"column\">\n\t\t\t<div class=\"elementor-column-wrap elementor-element-populated\">\n\t\t\t\t\t\t\t<div class=\"elementor-widget-wrap\">\n\t\t\t\t\t\t<div class=\"elementor-element elementor-element-794d34ee elementor-widget elementor-widget-heading\" data-id=\"794d34ee\" data-element_type=\"widget\" data-widget_type=\"heading.default\">\n\t\t\t\t<div class=\"elementor-widget-container\">\n\t\t\t<h4 class=\"elementor-heading-title elementor-size-default\">Meist\u00e4<\/h4>\t\t<\/div>\n\t\t\t\t<\/div>\n\t\t\t\t<div class=\"elementor-element elementor-element-72910533 elementor-widget elementor-widget-text-editor\" data-id=\"72910533\" data-element_type=\"widget\" data-widget_type=\"text-editor.default\">\n\t\t\t\t<div class=\"elementor-widget-container\">\n\t\t\t\t\t\t\t\t<div class=\"elementor-text-editor elementor-clearfix\">\n\t\t\t\t<p>Kobra Entertainment on luotettava kumppanisi luovassa tuotannossa, erikoistuen audio- ja videotuotantoon, joka nostaa br\u00e4ndisi uudelle tasolle ja sitouttaa yleis\u00f6si. Kobra perustettiin vuonna 2019 levy-yhti\u00f6n\u00e4 ja musiikin kautta olemme rakentaneet maineemme tukemalla artisteja ja edist\u00e4m\u00e4ll\u00e4 projekteja musiikkialalla.<\/p>\n<p>T\u00e4n\u00e4 p\u00e4iv\u00e4n\u00e4 hy\u00f6dynn\u00e4mme t\u00e4t\u00e4 osaamista auttaaksemme yrityksi\u00e4, asiantuntijoita ja luovia tekij\u00f6it\u00e4 tuomaan ideoita eloon ammattitaitoisen audio- ja videotuotannon avulla. Juuremme musiikkimaailmassa antavat meille ymm\u00e4rryksen siit\u00e4, miten luodaan vaikuttavia tarinoita, suunnitellaan mieleenpainuvia \u00e4\u00e4nimaisemia ja toimitetaan korkealaatuisia visuaalisia kokonaisuuksia, jotka tekev\u00e4t pysyv\u00e4n vaikutuksen.<\/p>\n<p>Kobralla uskomme, ett\u00e4 luovuus kukoistaa yhteisty\u00f6ss\u00e4. Kokenut tiimimme tekee tiivist\u00e4 yhteisty\u00f6t\u00e4 asiakkaidemme kanssa r\u00e4\u00e4t\u00e4l\u00f6id\u00e4kseen jokaisen projektin heid\u00e4n yksil\u00f6llisten tavoitteidensa mukaan, varmistaen erottuvat tulokset, jotka resonoivat yleis\u00f6iss\u00e4.<\/p>\n<p>Luodaan yhdess\u00e4 jotain poikkeuksellista. Olipa kyse audioprojektista, podcastin lanseeraamisesta, videon\u00e4kyvyyden parantamisesta tai uusien luovien mahdollisuuksien tutkimisesta, Kobra Entertainment on tukenasi joka askeleella.<\/p>\t\t\t\t\t<\/div>\n\t\t\t\t\t\t<\/div>\n\t\t\t\t<\/div>\n\t\t\t\t\t\t<\/div>\n\t\t\t\t\t<\/div>\n\t\t<\/div>\n\t\t\t\t\t\t\t\t<\/div>\n\t\t\t\t\t<\/div>\n\t\t<\/section>\n\t\t\t\t<section class=\"elementor-section elementor-top-section elementor-element elementor-element-4ecc916 elementor-section-boxed elementor-section-height-default elementor-section-height-default\" data-id=\"4ecc916\" data-element_type=\"section\">\n\t\t\t\t\t\t<div class=\"elementor-container elementor-column-gap-default\">\n\t\t\t\t\t\t\t<div class=\"elementor-row\">\n\t\t\t\t\t<div class=\"elementor-column elementor-col-100 elementor-top-column elementor-element elementor-element-f54a8b8\" data-id=\"f54a8b8\" data-element_type=\"column\">\n\t\t\t<div class=\"elementor-column-wrap elementor-element-populated\">\n\t\t\t\t\t\t\t<div class=\"elementor-widget-wrap\">\n\t\t\t\t\t\t<div class=\"elementor-element elementor-element-4ae1b05 elementor-widget elementor-widget-heading\" data-id=\"4ae1b05\" data-element_type=\"widget\" data-widget_type=\"heading.default\">\n\t\t\t\t<div class=\"elementor-widget-container\">\n\t\t\t<h2 class=\"elementor-heading-title elementor-size-default\">Yleiset yhteydenotot<\/h2>\t\t<\/div>\n\t\t\t\t<\/div>\n\t\t\t\t\t\t<\/div>\n\t\t\t\t\t<\/div>\n\t\t<\/div>\n\t\t\t\t\t\t\t\t<\/div>\n\t\t\t\t\t<\/div>\n\t\t<\/section>\n\t\t\t\t<section class=\"elementor-section elementor-top-section elementor-element elementor-element-3279ee85 elementor-section-boxed elementor-section-height-default elementor-section-height-default\" data-id=\"3279ee85\" data-element_type=\"section\" data-settings=\"{&quot;background_background&quot;:&quot;classic&quot;}\">\n\t\t\t\t\t\t<div class=\"elementor-container elementor-column-gap-no\">\n\t\t\t\t\t\t\t<div class=\"elementor-row\">\n\t\t\t\t\t<div class=\"elementor-column elementor-col-50 elementor-top-column elementor-element elementor-element-3758c83\" data-id=\"3758c83\" data-element_type=\"column\">\n\t\t\t<div class=\"elementor-column-wrap elementor-element-populated\">\n\t\t\t\t\t\t\t<div class=\"elementor-widget-wrap\">\n\t\t\t\t\t\t<div class=\"elementor-element elementor-element-58721e70 elementor-vertical-align-middle elementor-position-top elementor-widget elementor-widget-image-box\" data-id=\"58721e70\" data-element_type=\"widget\" data-widget_type=\"image-box.default\">\n\t\t\t\t<div class=\"elementor-widget-container\">\n\t\t\t<div class=\"elementor-image-box-wrapper\"><figure class=\"elementor-image-box-img\"><img loading=\"lazy\" decoding=\"async\" width=\"640\" height=\"360\" src=\"https:\/\/kobraentertainment.com\/wp-content\/uploads\/2026\/01\/Nettisivu-giff.gif\" class=\"attachment-full size-full wp-image-3438\" alt=\"\" \/><\/figure><div class=\"elementor-image-box-content\"><h3 class=\"elementor-image-box-title\">Antti Tengvall<\/h3><p class=\"elementor-image-box-description\">CFO<\/p><\/div><\/div>\t\t<\/div>\n\t\t\t\t<\/div>\n\t\t\t\t<div class=\"elementor-element elementor-element-4be8189 elementor-widget elementor-widget-heading\" data-id=\"4be8189\" data-element_type=\"widget\" data-widget_type=\"heading.default\">\n\t\t\t\t<div class=\"elementor-widget-container\">\n\t\t\t<h2 class=\"elementor-heading-title elementor-size-default\"><a href=\"mailto:antti@kobraentertainment.com\">antti@kobraentertainment.com<br><br>+358 451 382 305<\/a><\/h2>\t\t<\/div>\n\t\t\t\t<\/div>\n\t\t\t\t\t\t<\/div>\n\t\t\t\t\t<\/div>\n\t\t<\/div>\n\t\t\t\t<div class=\"elementor-column elementor-col-50 elementor-top-column elementor-element elementor-element-c59ea15\" data-id=\"c59ea15\" data-element_type=\"column\">\n\t\t\t<div class=\"elementor-column-wrap elementor-element-populated\">\n\t\t\t\t\t\t\t<div class=\"elementor-widget-wrap\">\n\t\t\t\t\t\t<div class=\"elementor-element elementor-element-72b5376 elementor-vertical-align-middle elementor-position-top elementor-widget elementor-widget-image-box\" data-id=\"72b5376\" data-element_type=\"widget\" data-widget_type=\"image-box.default\">\n\t\t\t\t<div class=\"elementor-widget-container\">\n\t\t\t<div class=\"elementor-image-box-wrapper\"><figure class=\"elementor-image-box-img\"><img loading=\"lazy\" decoding=\"async\" width=\"640\" height=\"360\" src=\"https:\/\/kobraentertainment.com\/wp-content\/uploads\/2026\/01\/Nettisivu-giff-sam.gif\" class=\"attachment-full size-full wp-image-3439\" alt=\"\" \/><\/figure><div class=\"elementor-image-box-content\"><h3 class=\"elementor-image-box-title\">Samuli Rautiainen<\/h3><p class=\"elementor-image-box-description\">CEO<\/p><\/div><\/div>\t\t<\/div>\n\t\t\t\t<\/div>\n\t\t\t\t<div class=\"elementor-element elementor-element-b4baac0 elementor-widget elementor-widget-heading\" data-id=\"b4baac0\" data-element_type=\"widget\" data-widget_type=\"heading.default\">\n\t\t\t\t<div class=\"elementor-widget-container\">\n\t\t\t<h2 class=\"elementor-heading-title elementor-size-default\"><a href=\"mailto:sam@kobraentertainment.com\">sam@kobraentertainment.com<br><br>+358 401 601 999<\/a><\/h2>\t\t<\/div>\n\t\t\t\t<\/div>\n\t\t\t\t\t\t<\/div>\n\t\t\t\t\t<\/div>\n\t\t<\/div>\n\t\t\t\t\t\t\t\t<\/div>\n\t\t\t\t\t<\/div>\n\t\t<\/section>\n\t\t\t\t<section class=\"elementor-section elementor-top-section elementor-element elementor-element-39361ad elementor-section-boxed elementor-section-height-default elementor-section-height-default\" data-id=\"39361ad\" data-element_type=\"section\">\n\t\t\t\t\t\t<div class=\"elementor-container elementor-column-gap-default\">\n\t\t\t\t\t\t\t<div class=\"elementor-row\">\n\t\t\t\t\t<div class=\"elementor-column elementor-col-100 elementor-top-column elementor-element elementor-element-fbfed79\" data-id=\"fbfed79\" data-element_type=\"column\">\n\t\t\t<div class=\"elementor-column-wrap elementor-element-populated\">\n\t\t\t\t\t\t\t<div class=\"elementor-widget-wrap\">\n\t\t\t\t\t\t<div class=\"elementor-element elementor-element-010ce88 elementor-widget elementor-widget-heading\" data-id=\"010ce88\" data-element_type=\"widget\" data-widget_type=\"heading.default\">\n\t\t\t\t<div class=\"elementor-widget-container\">\n\t\t\t<h2 class=\"elementor-heading-title elementor-size-default\">Yleiset yhteydenotot: info@kobraentertainment.com<\/h2>\t\t<\/div>\n\t\t\t\t<\/div>\n\t\t\t\t\t\t<\/div>\n\t\t\t\t\t<\/div>\n\t\t<\/div>\n\t\t\t\t\t\t\t\t<\/div>\n\t\t\t\t\t<\/div>\n\t\t<\/section>\n\t\t\t\t\t\t\t\t\t<\/div>\n\t\t\t<\/div>\n\t\t\t\t\t<\/div>","protected":false},"excerpt":{"rendered":"<p>About Us Kobra Entertainment is your trusted partner in creative production, specializing in audio and video content that elevates your brand and engages your audience. Established in 2019 as a record label, we built our reputation by empowering artists and fostering innovation in the music industry. Today, we channel that expertise into helping companies, experts, [&hellip;]<\/p>","protected":false},"author":1,"featured_media":0,"parent":0,"menu_order":0,"comment_status":"closed","ping_status":"closed","template":"elementor_header_footer","meta":{"om_disable_all_campaigns":false,"_monsterinsights_skip_tracking":false,"_monsterinsights_sitenote_active":false,"_monsterinsights_sitenote_note":"","_monsterinsights_sitenote_category":0,"_uf_show_specific_survey":0,"_uf_disable_surveys":false,"footnotes":""},"yoast_head":"<!-- This site is optimized with the Yoast SEO plugin v20.10 - https:\/\/yoast.com\/wordpress\/plugins\/seo\/ -->\n<title>About Us - Kobra Entertainment<\/title>\n<meta name=\"description\" content=\"Read more about Kobra Entertainment and the team behind the disruptive company giving power back to creators.\" \/>\n<meta name=\"robots\" content=\"index, follow, max-snippet:-1, max-image-preview:large, max-video-preview:-1\" \/>\n<link rel=\"canonical\" href=\"https:\/\/kobraentertainment.com\/fi\/about-us\/\" \/>\n<meta property=\"og:locale\" content=\"fi_FI\" \/>\n<meta property=\"og:type\" content=\"article\" \/>\n<meta property=\"og:title\" content=\"About Us - Kobra Entertainment\" \/>\n<meta property=\"og:description\" content=\"Read more about Kobra Entertainment and the team behind the disruptive company giving power back to creators.\" \/>\n<meta property=\"og:url\" content=\"https:\/\/kobraentertainment.com\/fi\/about-us\/\" \/>\n<meta property=\"og:site_name\" content=\"Kobra Entertainment\" \/>\n<meta property=\"article:publisher\" content=\"https:\/\/www.facebook.com\/kobraentertainment\" \/>\n<meta property=\"article:modified_time\" content=\"2026-01-29T14:37:03+00:00\" \/>\n<meta property=\"og:image\" content=\"https:\/\/kobraentertainment.com\/wp-content\/uploads\/2026\/01\/Nettisivu-giff.gif\" \/>\n<meta name=\"twitter:card\" content=\"summary_large_image\" \/>\n<meta name=\"twitter:label1\" content=\"Arvioitu lukuaika\" \/>\n\t<meta name=\"twitter:data1\" content=\"2 minuuttia\" \/>\n<script type=\"application\/ld+json\" class=\"yoast-schema-graph\">{\"@context\":\"https:\/\/schema.org\",\"@graph\":[{\"@type\":\"WebPage\",\"@id\":\"https:\/\/kobraentertainment.com\/about-us\/\",\"url\":\"https:\/\/kobraentertainment.com\/about-us\/\",\"name\":\"About Us - Kobra Entertainment\",\"isPartOf\":{\"@id\":\"https:\/\/kobraentertainment.com\/#website\"},\"datePublished\":\"2023-09-26T13:43:11+00:00\",\"dateModified\":\"2026-01-29T14:37:03+00:00\",\"description\":\"Read more about Kobra Entertainment and the team behind the disruptive company giving power back to creators.\",\"breadcrumb\":{\"@id\":\"https:\/\/kobraentertainment.com\/about-us\/#breadcrumb\"},\"inLanguage\":\"fi\",\"potentialAction\":[{\"@type\":\"ReadAction\",\"target\":[\"https:\/\/kobraentertainment.com\/about-us\/\"]}]},{\"@type\":\"BreadcrumbList\",\"@id\":\"https:\/\/kobraentertainment.com\/about-us\/#breadcrumb\",\"itemListElement\":[{\"@type\":\"ListItem\",\"position\":1,\"name\":\"Home\",\"item\":\"https:\/\/kobraentertainment.com\/\"},{\"@type\":\"ListItem\",\"position\":2,\"name\":\"About Us\"}]},{\"@type\":\"WebSite\",\"@id\":\"https:\/\/kobraentertainment.com\/#website\",\"url\":\"https:\/\/kobraentertainment.com\/\",\"name\":\"Kobra Entertainment\",\"description\":\"Kobra Entertainment is a music marketing and management company.\",\"publisher\":{\"@id\":\"https:\/\/kobraentertainment.com\/#organization\"},\"potentialAction\":[{\"@type\":\"SearchAction\",\"target\":{\"@type\":\"EntryPoint\",\"urlTemplate\":\"https:\/\/kobraentertainment.com\/?s={search_term_string}\"},\"query-input\":\"required name=search_term_string\"}],\"inLanguage\":\"fi\"},{\"@type\":\"Organization\",\"@id\":\"https:\/\/kobraentertainment.com\/#organization\",\"name\":\"Kobra Entertainment\",\"url\":\"https:\/\/kobraentertainment.com\/\",\"logo\":{\"@type\":\"ImageObject\",\"inLanguage\":\"fi\",\"@id\":\"https:\/\/kobraentertainment.com\/#\/schema\/logo\/image\/\",\"url\":\"http:\/\/kobraentertainment.com\/wp-content\/uploads\/2021\/01\/cropped-kobra.pyorea.valkoinen.2.png\",\"contentUrl\":\"http:\/\/kobraentertainment.com\/wp-content\/uploads\/2021\/01\/cropped-kobra.pyorea.valkoinen.2.png\",\"width\":1753,\"height\":1240,\"caption\":\"Kobra Entertainment\"},\"image\":{\"@id\":\"https:\/\/kobraentertainment.com\/#\/schema\/logo\/image\/\"},\"sameAs\":[\"https:\/\/www.facebook.com\/kobraentertainment\",\"https:\/\/www.linkedin.com\/company\/15860212\",\"https:\/\/www.instagram.com\/kobraentertainment\"]}]}<\/script>\n<!-- \/ Yoast SEO plugin. -->","yoast_head_json":{"title":"About Us - Kobra Entertainment","description":"Read more about Kobra Entertainment and the team behind the disruptive company giving power back to creators.","robots":{"index":"index","follow":"follow","max-snippet":"max-snippet:-1","max-image-preview":"max-image-preview:large","max-video-preview":"max-video-preview:-1"},"canonical":"https:\/\/kobraentertainment.com\/fi\/about-us\/","og_locale":"fi_FI","og_type":"article","og_title":"About Us - Kobra Entertainment","og_description":"Read more about Kobra Entertainment and the team behind the disruptive company giving power back to creators.","og_url":"https:\/\/kobraentertainment.com\/fi\/about-us\/","og_site_name":"Kobra Entertainment","article_publisher":"https:\/\/www.facebook.com\/kobraentertainment","article_modified_time":"2026-01-29T14:37:03+00:00","og_image":[{"url":"https:\/\/kobraentertainment.com\/wp-content\/uploads\/2026\/01\/Nettisivu-giff.gif"}],"twitter_card":"summary_large_image","twitter_misc":{"Arvioitu lukuaika":"2 minuuttia"},"schema":{"@context":"https:\/\/schema.org","@graph":[{"@type":"WebPage","@id":"https:\/\/kobraentertainment.com\/about-us\/","url":"https:\/\/kobraentertainment.com\/about-us\/","name":"About Us - Kobra Entertainment","isPartOf":{"@id":"https:\/\/kobraentertainment.com\/#website"},"datePublished":"2023-09-26T13:43:11+00:00","dateModified":"2026-01-29T14:37:03+00:00","description":"Read more about Kobra Entertainment and the team behind the disruptive company giving power back to creators.","breadcrumb":{"@id":"https:\/\/kobraentertainment.com\/about-us\/#breadcrumb"},"inLanguage":"fi","potentialAction":[{"@type":"ReadAction","target":["https:\/\/kobraentertainment.com\/about-us\/"]}]},{"@type":"BreadcrumbList","@id":"https:\/\/kobraentertainment.com\/about-us\/#breadcrumb","itemListElement":[{"@type":"ListItem","position":1,"name":"Home","item":"https:\/\/kobraentertainment.com\/"},{"@type":"ListItem","position":2,"name":"About Us"}]},{"@type":"WebSite","@id":"https:\/\/kobraentertainment.com\/#website","url":"https:\/\/kobraentertainment.com\/","name":"Kobra Entertainment","description":"Kobra Entertainment is a music marketing and management company.","publisher":{"@id":"https:\/\/kobraentertainment.com\/#organization"},"potentialAction":[{"@type":"SearchAction","target":{"@type":"EntryPoint","urlTemplate":"https:\/\/kobraentertainment.com\/?s={search_term_string}"},"query-input":"required name=search_term_string"}],"inLanguage":"fi"},{"@type":"Organization","@id":"https:\/\/kobraentertainment.com\/#organization","name":"Kobra Entertainment","url":"https:\/\/kobraentertainment.com\/","logo":{"@type":"ImageObject","inLanguage":"fi","@id":"https:\/\/kobraentertainment.com\/#\/schema\/logo\/image\/","url":"http:\/\/kobraentertainment.com\/wp-content\/uploads\/2021\/01\/cropped-kobra.pyorea.valkoinen.2.png","contentUrl":"http:\/\/kobraentertainment.com\/wp-content\/uploads\/2021\/01\/cropped-kobra.pyorea.valkoinen.2.png","width":1753,"height":1240,"caption":"Kobra Entertainment"},"image":{"@id":"https:\/\/kobraentertainment.com\/#\/schema\/logo\/image\/"},"sameAs":["https:\/\/www.facebook.com\/kobraentertainment","https:\/\/www.linkedin.com\/company\/15860212","https:\/\/www.instagram.com\/kobraentertainment"]}]}},"_links":{"self":[{"href":"https:\/\/kobraentertainment.com\/fi\/wp-json\/wp\/v2\/pages\/1018"}],"collection":[{"href":"https:\/\/kobraentertainment.com\/fi\/wp-json\/wp\/v2\/pages"}],"about":[{"href":"https:\/\/kobraentertainment.com\/fi\/wp-json\/wp\/v2\/types\/page"}],"author":[{"embeddable":true,"href":"https:\/\/kobraentertainment.com\/fi\/wp-json\/wp\/v2\/users\/1"}],"replies":[{"embeddable":true,"href":"https:\/\/kobraentertainment.com\/fi\/wp-json\/wp\/v2\/comments?post=1018"}],"version-history":[{"count":121,"href":"https:\/\/kobraentertainment.com\/fi\/wp-json\/wp\/v2\/pages\/1018\/revisions"}],"predecessor-version":[{"id":3473,"href":"https:\/\/kobraentertainment.com\/fi\/wp-json\/wp\/v2\/pages\/1018\/revisions\/3473"}],"wp:attachment":[{"href":"https:\/\/kobraentertainment.com\/fi\/wp-json\/wp\/v2\/media?parent=1018"}],"curies":[{"name":"wp","href":"https:\/\/api.w.org\/{rel}","templated":true}]}}